{"id":101276,"date":"2021-08-19T16:44:16","date_gmt":"2021-08-19T14:44:16","guid":{"rendered":"https:\/\/mindpet.ch\/ueber-uns\/"},"modified":"2025-11-13T10:19:18","modified_gmt":"2025-11-13T09:19:18","slug":"ueber-uns","status":"publish","type":"page","link":"https:\/\/mindpet.ch\/en\/ueber-uns\/","title":{"rendered":"About Us"},"content":{"rendered":"<div class=\"wpb-content-wrapper\"><p>[vc_row row_height_percent=&#8221;100&#8243; override_padding=&#8221;yes&#8221; h_padding=&#8221;2&#8243; top_padding=&#8221;3&#8243; bottom_padding=&#8221;3&#8243; back_image=&#8221;101311&#8243; back_repeat=&#8221;no-repeat&#8221; back_attachment=&#8221;scroll&#8221; back_position=&#8221;center center&#8221; overlay_color=&#8221;accent&#8221; overlay_alpha=&#8221;25&#8243; gutter_size=&#8221;3&#8243; column_width_percent=&#8221;100&#8243; shift_y=&#8221;0&#8243; z_index=&#8221;0&#8243; mobile_visibility=&#8221;yes&#8221; uncode_shortcode_id=&#8221;817819&#8243; overlay_color_type=&#8221;uncode-palette&#8221;][vc_column column_width_percent=&#8221;100&#8243; position_vertical=&#8221;middle&#8221; gutter_size=&#8221;3&#8243; style=&#8221;dark&#8221; overlay_alpha=&#8221;50&#8243; shift_x=&#8221;0&#8243; shift_y=&#8221;0&#8243; shift_y_down=&#8221;0&#8243; z_index=&#8221;0&#8243; medium_width=&#8221;5&#8243; mobile_width=&#8221;7&#8243; width=&#8221;2\/3&#8243; uncode_shortcode_id=&#8221;140418&#8243;][vc_custom_heading heading_semantic=&#8221;h1&#8243; text_size=&#8221;fontsize-155944&#8243; text_weight=&#8221;400&#8243; uncode_shortcode_id=&#8221;164331&#8243;]Be yourself. Everyone else is already taken.[\/vc_custom_heading][\/vc_column][vc_column column_width_percent=&#8221;100&#8243; position_horizontal=&#8221;right&#8221; position_vertical=&#8221;bottom&#8221; align_horizontal=&#8221;align_center&#8221; gutter_size=&#8221;3&#8243; style=&#8221;light&#8221; overlay_alpha=&#8221;50&#8243; shift_x=&#8221;3&#8243; shift_y=&#8221;0&#8243; shift_y_down=&#8221;0&#8243; z_index=&#8221;10&#8243; align_medium=&#8221;align_center_tablet&#8221; medium_width=&#8221;0&#8243; align_mobile=&#8221;align_center_mobile&#8221; mobile_width=&#8221;0&#8243; width=&#8221;1\/3&#8243; uncode_shortcode_id=&#8221;140726&#8243;][\/vc_column][\/vc_row][vc_row row_height_percent=&#8221;100&#8243; override_padding=&#8221;yes&#8221; h_padding=&#8221;2&#8243; top_padding=&#8221;5&#8243; bottom_padding=&#8221;3&#8243; back_image=&#8221;101311&#8243; back_repeat=&#8221;no-repeat&#8221; back_attachment=&#8221;scroll&#8221; back_position=&#8221;center center&#8221; overlay_color=&#8221;accent&#8221; overlay_alpha=&#8221;25&#8243; gutter_size=&#8221;3&#8243; column_width_percent=&#8221;100&#8243; shift_y=&#8221;0&#8243; z_index=&#8221;0&#8243; desktop_visibility=&#8221;yes&#8221; medium_visibility=&#8221;yes&#8221; uncode_shortcode_id=&#8221;115481&#8243; overlay_color_type=&#8221;uncode-palette&#8221;][vc_column column_width_percent=&#8221;100&#8243; position_vertical=&#8221;middle&#8221; gutter_size=&#8221;3&#8243; style=&#8221;dark&#8221; overlay_alpha=&#8221;50&#8243; shift_x=&#8221;0&#8243; shift_y=&#8221;0&#8243; shift_y_down=&#8221;0&#8243; z_index=&#8221;0&#8243; medium_width=&#8221;5&#8243; mobile_width=&#8221;7&#8243; width=&#8221;2\/3&#8243; uncode_shortcode_id=&#8221;174180&#8243; css=&#8221;.vc_custom_1630914164931{padding-top: 8vh !important;}&#8221;][vc_custom_heading heading_semantic=&#8221;h1&#8243; text_size=&#8221;fontsize-155944&#8243; text_weight=&#8221;400&#8243; uncode_shortcode_id=&#8221;199742&#8243;]Be yourself. Everyone else is already taken.[\/vc_custom_heading][\/vc_column][vc_column column_width_percent=&#8221;100&#8243; position_horizontal=&#8221;right&#8221; position_vertical=&#8221;bottom&#8221; align_horizontal=&#8221;align_center&#8221; gutter_size=&#8221;3&#8243; style=&#8221;light&#8221; overlay_alpha=&#8221;50&#8243; shift_x=&#8221;0&#8243; shift_y=&#8221;0&#8243; shift_y_down=&#8221;0&#8243; z_index=&#8221;10&#8243; align_medium=&#8221;align_center_tablet&#8221; medium_width=&#8221;0&#8243; align_mobile=&#8221;align_right_mobile&#8221; mobile_width=&#8221;0&#8243; width=&#8221;1\/3&#8243; uncode_shortcode_id=&#8221;145124&#8243;][\/vc_column][\/vc_row][vc_row unlock_row_content=&#8221;yes&#8221; row_height_percent=&#8221;0&#8243; override_padding=&#8221;yes&#8221; h_padding=&#8221;3&#8243; top_padding=&#8221;7&#8243; bottom_padding=&#8221;4&#8243; overlay_alpha=&#8221;50&#8243; gutter_size=&#8221;2&#8243; column_width_percent=&#8221;100&#8243; shift_y=&#8221;0&#8243; z_index=&#8221;0&#8243; enable_top_divider=&#8221;default&#8221; top_divider=&#8221;step_1_2&#8243; shape_top_h_use_pixel=&#8221;true&#8221; shape_top_height_percent=&#8221;100&#8243; shape_top_color=&#8221;color-lxmt&#8221; shape_top_opacity=&#8221;100&#8243; shape_top_index=&#8221;0&#8243; inverted_device_order=&#8221;yes&#8221; uncode_shortcode_id=&#8221;145859&#8243; shape_top_color_type=&#8221;uncode-palette&#8221; css=&#8221;.vc_custom_1631175971142{margin-top: -85px !important;padding-bottom: 0px !important;}&#8221;][vc_column column_width_percent=&#8221;100&#8243; gutter_size=&#8221;3&#8243; override_padding=&#8221;yes&#8221; column_padding=&#8221;4&#8243; back_color=&#8221;color-uydo&#8221; overlay_alpha=&#8221;50&#8243; shift_x=&#8221;0&#8243; shift_y=&#8221;0&#8243; shift_y_down=&#8221;0&#8243; z_index=&#8221;0&#8243; medium_width=&#8221;7&#8243; mobile_width=&#8221;7&#8243; parallax_intensity=&#8221;2&#8243; parallax_centered=&#8221;yes&#8221; width=&#8221;3\/4&#8243; uncode_shortcode_id=&#8221;698739&#8243; back_color_type=&#8221;uncode-palette&#8221;][vc_custom_heading sub_lead=&#8221;yes&#8221; uncode_shortcode_id=&#8221;159760&#8243; subheading=&#8221;Coach and Trainer&#8221;]Alena Goepfert[\/vc_custom_heading][vc_column_text uncode_shortcode_id=&#8221;119638&#8243;]Wie sch\u00f6n, dass du dich f\u00fcr <strong><span style=\"color: #2f6c60;\">mindpet\u00ae<\/span><\/strong> interessierst \u2013 ich bin die Gr\u00fcnderin und liebe es, Menschen und Tiere zusammenzubringen.<\/p>\n<p>Mein Wunsch mit Tieren zu leben und zu arbeiten ist schon in meiner fr\u00fchen Kindheit entstanden. Ich hatte immer Haustiere und verbrachte meine Sommerferien am Liebsten auf dem Bauernhof. Dennoch habe ich mich zun\u00e4chst f\u00fcr ein Studium und eine Karriere in der Wirtschaft entschieden. Im Jahr 2014 hat es mich aus beruflichen Gr\u00fcnden aus meinem Heimatland Deutschland in die Schweiz verschlagen. Inzwischen verf\u00fcge ich \u00fcber 14 Jahre Berufserfahrung in verschiedenen Bereichen eines globalen Pharma Konzerns und verstehe die Bed\u00fcrfnisse und Herausforderungen von Mitarbeitern, F\u00fchrungskr\u00e4ften und Unternehmen. Meine St\u00e4rken liegen in der Personal- und Teamentwicklung. Ich spreche fliessend Englisch und Spanisch und arbeite am liebsten mit interkulturellen und agilen Teams. Als Mitarbeiterin habe ich unterschiedlichste F\u00fchrungsstile erlebt und konnte selbst viel Erfahrung im Matrix-Leadership sammeln. Starre Hierarchien sind in meinen Augen nicht mehr zeitgem\u00e4ss und ein Motivationskiller f\u00fcr j\u00fcngere Generationen. Moderne F\u00fchrung zeichnet sich durch Inspiration, Begeisterung, Beziehungen und gemeinsame Werte aus.<\/p>\n<p>Um meiner Passion mehr Raum zu geben, entschied ich mein eigenes Business als tiergest\u00fctzter Coach aufzubauen. In diversen Ausbildungen habe ich mich intensiv damit befasst, wie sich die Arbeit mit Tieren auf unser Lernen und unsere Gesundheit auswirkt. Tiere wecken Emotionen und \u00f6ffnen T\u00fcren, die Menschen oft verschlossen bleiben. Tiere tun einfach gut und wir k\u00f6nnen in vielerlei Hinsicht von ihnen lernen. <strong><span style=\"color: #2f6c60;\">mindpet\u00ae<\/span><\/strong> wurde somit f\u00fcr mich in den letzten Jahren zur absoluten Herzensangelegenheit und gibt mir die M\u00f6glichkeit, Menschen wieder mit der Natur zu verbinden.<\/p>\n<p>Mit meinen <a href=\"https:\/\/mindpet.ch\/en\/1-1-coaching\/\">Coachings<\/a> und <a href=\"https:\/\/mindpet.ch\/en\/team-training\/\">Trainings<\/a> m\u00f6chte ich Leidenschaft und Begeisterung in Personen und Teams wecken, sodass sie ihren Sinn im Beruf einbringen und ihr volles Potenzial entfalten k\u00f6nnen. Durch den Einsatz von Hunden unterscheidet sich meine Arbeitsweise von herk\u00f6mmlichen Weiterbildungsangeboten und schafft ein einzigartiges Lernerlebnis.[\/vc_column_text][\/vc_column][vc_column column_width_percent=&#8221;100&#8243; position_vertical=&#8221;middle&#8221; gutter_size=&#8221;3&#8243; overlay_alpha=&#8221;50&#8243; shift_x=&#8221;0&#8243; shift_y=&#8221;0&#8243; shift_y_down=&#8221;0&#8243; z_index=&#8221;0&#8243; medium_width=&#8221;4&#8243; mobile_width=&#8221;7&#8243; width=&#8221;1\/4&#8243; uncode_shortcode_id=&#8221;119609&#8243;][vc_single_image media=&#8221;101379&#8243; media_width_percent=&#8221;100&#8243; media_ratio=&#8221;one-one&#8221; alignment=&#8221;center&#8221; shape=&#8221;img-circle&#8221; uncode_shortcode_id=&#8221;195864&#8243;][\/vc_column][\/vc_row][vc_row unlock_row_content=&#8221;yes&#8221; row_height_percent=&#8221;0&#8243; override_padding=&#8221;yes&#8221; h_padding=&#8221;2&#8243; top_padding=&#8221;1&#8243; bottom_padding=&#8221;4&#8243; overlay_alpha=&#8221;50&#8243; equal_height=&#8221;yes&#8221; gutter_size=&#8221;4&#8243; column_width_percent=&#8221;100&#8243; shift_y=&#8221;0&#8243; z_index=&#8221;0&#8243; uncode_shortcode_id=&#8221;146205&#8243;][vc_column column_width_percent=&#8221;100&#8243; gutter_size=&#8221;3&#8243; override_padding=&#8221;yes&#8221; column_padding=&#8221;4&#8243; overlay_alpha=&#8221;75&#8243; shift_x=&#8221;0&#8243; shift_y=&#8221;0&#8243; shift_y_down=&#8221;0&#8243; z_index=&#8221;0&#8243; medium_width=&#8221;0&#8243; mobile_width=&#8221;0&#8243; width=&#8221;1\/4&#8243; uncode_shortcode_id=&#8221;158259&#8243;][\/vc_column][vc_column column_width_percent=&#8221;100&#8243; gutter_size=&#8221;3&#8243; override_padding=&#8221;yes&#8221; column_padding=&#8221;4&#8243; back_color=&#8221;color-wayh&#8221; overlay_alpha=&#8221;50&#8243; shift_x=&#8221;0&#8243; shift_y=&#8221;0&#8243; shift_y_down=&#8221;0&#8243; z_index=&#8221;0&#8243; medium_width=&#8221;0&#8243; mobile_width=&#8221;0&#8243; width=&#8221;1\/2&#8243; uncode_shortcode_id=&#8221;195007&#8243; back_color_type=&#8221;uncode-palette&#8221;][vc_column_text uncode_shortcode_id=&#8221;177151&#8243;]Ich lege Wert auf einen hohen Qualit\u00e4tsstandard. Deshalb habe ich eine fundierte Ausbildung und bilde mich stetig weiter:<\/p>\n<ul>\n<li style=\"list-style-type: none;\">\n<ul>\n<li>14 Jahre Berufserfahrung in der internationalen Wirtschaft<\/li>\n<li>Bachelor of Arts in International Business<\/li>\n<li>Co-Active Coach | <a href=\"https:\/\/coactive.com\/\" target=\"_blank\" rel=\"noopener\">ICF Accredited Coach Training Program (ACTP)<\/a><\/li>\n<li>CAS FH in Business Coaching<\/li>\n<li>CAS FH in Personalentwicklung<\/li>\n<li>CAS FH in Leadership Development &amp; F\u00fchrungspsychologie<\/li>\n<li>Mitglied im Schweizerischen Berufsverband der professionell arbeitenden Coaches und betrieblichen Mentoren und Mentorinnen (<a href=\"https:\/\/s-c-a.ch\/\">SCA<\/a>)<\/li>\n<li>Zertifizierter\u00a0<a href=\"https:\/\/www.coachdogs.com\/ausbildung\" target=\"_blank\" rel=\"noopener\">coachdogs\u00ae<\/a>\u00a0Coach<\/li>\n<li>Zertifizierter <a href=\"https:\/\/www.coachdogs.com\/ausbildung\" target=\"_blank\" rel=\"noopener\">coachdogs\u00ae<\/a> Trainer<\/li>\n<li>Studium in Tiergest\u00fctzter Arbeit an der <a href=\"https:\/\/atn-akademie.com\/ch\/\" target=\"_blank\" rel=\"noopener\">Akademie f\u00fcr Tiernaturheilkunde (ATN)<\/a><\/li>\n<\/ul>\n<\/li>\n<\/ul>\n<p>[\/vc_column_text][\/vc_column][vc_column width=&#8221;1\/4&#8243;][\/vc_column][\/vc_row][vc_row unlock_row_content=&#8221;yes&#8221; row_height_percent=&#8221;0&#8243; override_padding=&#8221;yes&#8221; h_padding=&#8221;3&#8243; top_padding=&#8221;4&#8243; bottom_padding=&#8221;4&#8243; overlay_alpha=&#8221;50&#8243; gutter_size=&#8221;2&#8243; column_width_percent=&#8221;100&#8243; shift_y=&#8221;0&#8243; z_index=&#8221;0&#8243; enable_top_divider=&#8221;default&#8221; top_divider_inv=&#8221;step_1_2&#8243; shape_top_invert=&#8221;yes&#8221; shape_top_h_use_pixel=&#8221;true&#8221; shape_top_height_percent=&#8221;100&#8243; shape_top_color=&#8221;color-lxmt&#8221; shape_top_opacity=&#8221;100&#8243; shape_top_index=&#8221;0&#8243; uncode_shortcode_id=&#8221;122855&#8243; shape_top_color_type=&#8221;uncode-palette&#8221;][vc_column column_width_percent=&#8221;100&#8243; position_vertical=&#8221;middle&#8221; align_horizontal=&#8221;align_right&#8221; gutter_size=&#8221;3&#8243; overlay_alpha=&#8221;50&#8243; shift_x=&#8221;0&#8243; shift_y=&#8221;0&#8243; shift_y_down=&#8221;0&#8243; z_index=&#8221;0&#8243; medium_width=&#8221;4&#8243; mobile_width=&#8221;7&#8243; width=&#8221;1\/4&#8243; uncode_shortcode_id=&#8221;149116&#8243;][vc_single_image media=&#8221;101377&#8243; media_width_percent=&#8221;100&#8243; media_ratio=&#8221;one-one&#8221; alignment=&#8221;center&#8221; shape=&#8221;img-circle&#8221; uncode_shortcode_id=&#8221;135409&#8243;][\/vc_column][vc_column column_width_percent=&#8221;100&#8243; gutter_size=&#8221;3&#8243; override_padding=&#8221;yes&#8221; column_padding=&#8221;4&#8243; back_color=&#8221;color-uydo&#8221; overlay_alpha=&#8221;50&#8243; shift_x=&#8221;0&#8243; shift_y=&#8221;0&#8243; shift_y_down=&#8221;0&#8243; z_index=&#8221;0&#8243; medium_width=&#8221;7&#8243; mobile_width=&#8221;7&#8243; width=&#8221;3\/4&#8243; uncode_shortcode_id=&#8221;137358&#8243; back_color_type=&#8221;uncode-palette&#8221;][vc_custom_heading sub_lead=&#8221;yes&#8221; uncode_shortcode_id=&#8221;374731&#8243; subheading=&#8221;Co-Trainer&#8221;]Yukiko[\/vc_custom_heading][vc_column_text uncode_shortcode_id=&#8221;115439&#8243;]Den Kindheitstraum vom eigenen Hund erf\u00fcllte ich mir zusammen mit meinem Mann im Fr\u00fchjahr 2019 mit unserer Shiba Inu H\u00fcndin, Yuki. Der Shiba Inu z\u00e4hlt zu den \u00e4ltesten Hunderassen \u00fcberhaupt und wurde in seinem Ursprungsland Japan vorrangig als Jagdhund eingesetzt. Yukiko bedeutet &#8220;mutiges Kind&#8221; auf japanisch. Sie ist ausserdem sehr freundlich, aufgeweckt und intelligent und erobert jedes Herz im Sturm. Sie ist aber auch selbstst\u00e4ndig und eigenwillig, was sie zur perfekten Co-Trainerin macht. Anders als zum Beispiel ein Labrador, besitzt der Shiba n\u00e4mlich keinen &#8220;will to please&#8221;. Sie ist kein Hund, der blind folgt und wird immer wieder versuchen, die F\u00fchrung zu \u00fcbernehmen. Nimmst du die Herausforderung an? Wir freuen uns auf dich!<\/p>\n<p>Je nach Teilnehmerzahl in den Trainings wird unser Rudel durch weitere vierbeinige Co-Trainer verst\u00e4rkt.[\/vc_column_text][\/vc_column][\/vc_row][vc_row unlock_row_content=&#8221;yes&#8221; row_height_percent=&#8221;0&#8243; override_padding=&#8221;yes&#8221; h_padding=&#8221;3&#8243; top_padding=&#8221;2&#8243; bottom_padding=&#8221;2&#8243; overlay_alpha=&#8221;50&#8243; gutter_size=&#8221;2&#8243; column_width_percent=&#8221;100&#8243; shift_y=&#8221;0&#8243; z_index=&#8221;0&#8243; top_divider=&#8221;step_1_2&#8243; uncode_shortcode_id=&#8221;648106&#8243;][vc_column column_width_percent=&#8221;100&#8243; position_vertical=&#8221;middle&#8221; gutter_size=&#8221;3&#8243; overlay_alpha=&#8221;50&#8243; shift_x=&#8221;0&#8243; shift_y=&#8221;0&#8243; shift_y_down=&#8221;0&#8243; z_index=&#8221;0&#8243; medium_width=&#8221;1&#8243; mobile_visibility=&#8221;yes&#8221; mobile_width=&#8221;0&#8243; parallax_intensity=&#8221;5&#8243; width=&#8221;1\/4&#8243; uncode_shortcode_id=&#8221;145536&#8243;][\/vc_column][vc_column column_width_percent=&#8221;100&#8243; align_horizontal=&#8221;align_center&#8221; gutter_size=&#8221;3&#8243; override_padding=&#8221;yes&#8221; column_padding=&#8221;4&#8243; overlay_alpha=&#8221;50&#8243; shift_x=&#8221;0&#8243; shift_y=&#8221;0&#8243; shift_y_down=&#8221;0&#8243; z_index=&#8221;0&#8243; medium_width=&#8221;3&#8243; mobile_width=&#8221;4&#8243; width=&#8221;1\/2&#8243; uncode_shortcode_id=&#8221;565881&#8243;][vc_row_inner limit_content=&#8221;&#8221;][vc_column_inner column_width_percent=&#8221;100&#8243; align_horizontal=&#8221;align_center&#8221; gutter_size=&#8221;3&#8243; overlay_alpha=&#8221;50&#8243; shift_x=&#8221;0&#8243; shift_y=&#8221;0&#8243; shift_y_down=&#8221;0&#8243; z_index=&#8221;0&#8243; medium_width=&#8221;0&#8243; mobile_width=&#8221;0&#8243; width=&#8221;1\/3&#8243; uncode_shortcode_id=&#8221;286665&#8243;][vc_single_image media=&#8221;102080&#8243; media_width_percent=&#8221;100&#8243; alignment=&#8221;center&#8221; uncode_shortcode_id=&#8221;133646&#8243; media_link=&#8221;url:https%3A%2F%2Fs-c-a.ch%2F|target:_blank&#8221;][\/vc_column_inner][vc_column_inner column_width_percent=&#8221;100&#8243; align_horizontal=&#8221;align_center&#8221; gutter_size=&#8221;3&#8243; overlay_alpha=&#8221;50&#8243; shift_x=&#8221;0&#8243; shift_y=&#8221;0&#8243; shift_y_down=&#8221;0&#8243; z_index=&#8221;0&#8243; medium_width=&#8221;0&#8243; mobile_width=&#8221;0&#8243; width=&#8221;1\/3&#8243; uncode_shortcode_id=&#8221;801454&#8243;][vc_single_image media=&#8221;101087&#8243; media_width_percent=&#8221;100&#8243; uncode_shortcode_id=&#8221;362373&#8243; media_link=&#8221;url:https%3A%2F%2Fwww.coachdogs.com%2Fausbildung|target:_blank&#8221;][\/vc_column_inner][vc_column_inner column_width_percent=&#8221;100&#8243; align_horizontal=&#8221;align_center&#8221; gutter_size=&#8221;3&#8243; overlay_alpha=&#8221;50&#8243; shift_x=&#8221;0&#8243; shift_y=&#8221;0&#8243; shift_y_down=&#8221;0&#8243; z_index=&#8221;0&#8243; medium_width=&#8221;0&#8243; mobile_width=&#8221;0&#8243; width=&#8221;1\/3&#8243; uncode_shortcode_id=&#8221;612167&#8243;][vc_single_image media=&#8221;101584&#8243; media_width_percent=&#8221;100&#8243; uncode_shortcode_id=&#8221;653822&#8243; media_link=&#8221;url:https%3A%2F%2Fwww.coachdogs.com%2Fausbildung|target:_blank&#8221;][\/vc_column_inner][\/vc_row_inner][\/vc_column][vc_column column_width_percent=&#8221;100&#8243; position_vertical=&#8221;middle&#8221; gutter_size=&#8221;3&#8243; override_padding=&#8221;yes&#8221; column_padding=&#8221;4&#8243; overlay_alpha=&#8221;50&#8243; shift_x=&#8221;0&#8243; shift_y=&#8221;0&#8243; shift_y_down=&#8221;0&#8243; z_index=&#8221;0&#8243; medium_width=&#8221;3&#8243; mobile_width=&#8221;4&#8243; width=&#8221;1\/4&#8243; uncode_shortcode_id=&#8221;140535&#8243;][\/vc_column][\/vc_row]<\/p>\n<\/div>","protected":false},"excerpt":{"rendered":"<p>[vc_row row_height_percent=&#8221;100&#8243; override_padding=&#8221;yes&#8221; h_padding=&#8221;2&#8243; top_padding=&#8221;3&#8243; bottom_padding=&#8221;3&#8243; back_image=&#8221;101311&#8243; back_repeat=&#8221;no-repeat&#8221; back_attachment=&#8221;scroll&#8221; back_position=&#8221;center center&#8221; overlay_color=&#8221;accent&#8221; overlay_alpha=&#8221;25&#8243; gutter_size=&#8221;3&#8243; column_width_percent=&#8221;100&#8243; shift_y=&#8221;0&#8243; z_index=&#8221;0&#8243; mobile_visibility=&#8221;yes&#8221; uncode_shortcode_id=&#8221;817819&#8243; overlay_color_type=&#8221;uncode-palette&#8221;][vc_column [&hellip;]<\/p>\n","protected":false},"author":1,"featured_media":0,"parent":0,"menu_order":0,"comment_status":"closed","ping_status":"closed","template":"","meta":{"footnotes":""},"class_list":["post-101276","page","type-page","status-publish","hentry"],"yoast_head":"<!-- This site is optimized with the Yoast SEO plugin v27.5 - https:\/\/yoast.com\/product\/yoast-seo-wordpress\/ -->\n<title>About Us &#8211; mindpet<\/title>\n<meta name=\"description\" content=\"We want to evoke passion and enthusiasm in individuals and teams so that they can bring meaning to their jobs and unleash their full potential.\" \/>\n<meta name=\"robots\" content=\"index, follow, max-snippet:-1, max-image-preview:large, max-video-preview:-1\" \/>\n<link rel=\"canonical\" href=\"https:\/\/mindpet.ch\/en\/ueber-uns\/\" \/>\n<meta property=\"og:locale\" content=\"en_US\" \/>\n<meta property=\"og:type\" content=\"article\" \/>\n<meta property=\"og:title\" content=\"About Us &#8211; mindpet\" \/>\n<meta property=\"og:description\" content=\"We want to evoke passion and enthusiasm in individuals and teams so that they can bring meaning to their jobs and unleash their full potential.\" \/>\n<meta property=\"og:url\" content=\"https:\/\/mindpet.ch\/en\/ueber-uns\/\" \/>\n<meta property=\"og:site_name\" content=\"mindpet\" \/>\n<meta property=\"article:modified_time\" content=\"2025-11-13T09:19:18+00:00\" \/>\n<meta name=\"twitter:card\" content=\"summary_large_image\" \/>\n<meta name=\"twitter:label1\" content=\"Est. reading time\" \/>\n\t<meta name=\"twitter:data1\" content=\"6 minutes\" \/>\n<script type=\"application\/ld+json\" class=\"yoast-schema-graph\">{\"@context\":\"https:\\\/\\\/schema.org\",\"@graph\":[{\"@type\":\"WebPage\",\"@id\":\"https:\\\/\\\/mindpet.ch\\\/en\\\/ueber-uns\\\/\",\"url\":\"https:\\\/\\\/mindpet.ch\\\/en\\\/ueber-uns\\\/\",\"name\":\"About Us &#8211; mindpet\",\"isPartOf\":{\"@id\":\"https:\\\/\\\/mindpet.ch\\\/en\\\/#website\"},\"datePublished\":\"2021-08-19T14:44:16+00:00\",\"dateModified\":\"2025-11-13T09:19:18+00:00\",\"description\":\"We want to evoke passion and enthusiasm in individuals and teams so that they can bring meaning to their jobs and unleash their full potential.\",\"breadcrumb\":{\"@id\":\"https:\\\/\\\/mindpet.ch\\\/en\\\/ueber-uns\\\/#breadcrumb\"},\"inLanguage\":\"en-US\",\"potentialAction\":[{\"@type\":\"ReadAction\",\"target\":[\"https:\\\/\\\/mindpet.ch\\\/en\\\/ueber-uns\\\/\"]}]},{\"@type\":\"BreadcrumbList\",\"@id\":\"https:\\\/\\\/mindpet.ch\\\/en\\\/ueber-uns\\\/#breadcrumb\",\"itemListElement\":[{\"@type\":\"ListItem\",\"position\":1,\"name\":\"Startseite\",\"item\":\"https:\\\/\\\/mindpet.ch\\\/en\\\/\"},{\"@type\":\"ListItem\",\"position\":2,\"name\":\"About Us\"}]},{\"@type\":\"WebSite\",\"@id\":\"https:\\\/\\\/mindpet.ch\\\/en\\\/#website\",\"url\":\"https:\\\/\\\/mindpet.ch\\\/en\\\/\",\"name\":\"mindpet\",\"description\":\"Training mit Hunden f\u00fcr junge Leader und Teams\",\"potentialAction\":[{\"@type\":\"SearchAction\",\"target\":{\"@type\":\"EntryPoint\",\"urlTemplate\":\"https:\\\/\\\/mindpet.ch\\\/en\\\/?s={search_term_string}\"},\"query-input\":{\"@type\":\"PropertyValueSpecification\",\"valueRequired\":true,\"valueName\":\"search_term_string\"}}],\"inLanguage\":\"en-US\"}]}<\/script>\n<!-- \/ Yoast SEO plugin. -->","yoast_head_json":{"title":"About Us &#8211; mindpet","description":"We want to evoke passion and enthusiasm in individuals and teams so that they can bring meaning to their jobs and unleash their full potential.","robots":{"index":"index","follow":"follow","max-snippet":"max-snippet:-1","max-image-preview":"max-image-preview:large","max-video-preview":"max-video-preview:-1"},"canonical":"https:\/\/mindpet.ch\/en\/ueber-uns\/","og_locale":"en_US","og_type":"article","og_title":"About Us &#8211; mindpet","og_description":"We want to evoke passion and enthusiasm in individuals and teams so that they can bring meaning to their jobs and unleash their full potential.","og_url":"https:\/\/mindpet.ch\/en\/ueber-uns\/","og_site_name":"mindpet","article_modified_time":"2025-11-13T09:19:18+00:00","twitter_card":"summary_large_image","twitter_misc":{"Est. reading time":"6 minutes"},"schema":{"@context":"https:\/\/schema.org","@graph":[{"@type":"WebPage","@id":"https:\/\/mindpet.ch\/en\/ueber-uns\/","url":"https:\/\/mindpet.ch\/en\/ueber-uns\/","name":"About Us &#8211; mindpet","isPartOf":{"@id":"https:\/\/mindpet.ch\/en\/#website"},"datePublished":"2021-08-19T14:44:16+00:00","dateModified":"2025-11-13T09:19:18+00:00","description":"We want to evoke passion and enthusiasm in individuals and teams so that they can bring meaning to their jobs and unleash their full potential.","breadcrumb":{"@id":"https:\/\/mindpet.ch\/en\/ueber-uns\/#breadcrumb"},"inLanguage":"en-US","potentialAction":[{"@type":"ReadAction","target":["https:\/\/mindpet.ch\/en\/ueber-uns\/"]}]},{"@type":"BreadcrumbList","@id":"https:\/\/mindpet.ch\/en\/ueber-uns\/#breadcrumb","itemListElement":[{"@type":"ListItem","position":1,"name":"Startseite","item":"https:\/\/mindpet.ch\/en\/"},{"@type":"ListItem","position":2,"name":"About Us"}]},{"@type":"WebSite","@id":"https:\/\/mindpet.ch\/en\/#website","url":"https:\/\/mindpet.ch\/en\/","name":"mindpet","description":"Training mit Hunden f\u00fcr junge Leader und Teams","potentialAction":[{"@type":"SearchAction","target":{"@type":"EntryPoint","urlTemplate":"https:\/\/mindpet.ch\/en\/?s={search_term_string}"},"query-input":{"@type":"PropertyValueSpecification","valueRequired":true,"valueName":"search_term_string"}}],"inLanguage":"en-US"}]}},"_links":{"self":[{"href":"https:\/\/mindpet.ch\/en\/wp-json\/wp\/v2\/pages\/101276","targetHints":{"allow":["GET"]}}],"collection":[{"href":"https:\/\/mindpet.ch\/en\/wp-json\/wp\/v2\/pages"}],"about":[{"href":"https:\/\/mindpet.ch\/en\/wp-json\/wp\/v2\/types\/page"}],"author":[{"embeddable":true,"href":"https:\/\/mindpet.ch\/en\/wp-json\/wp\/v2\/users\/1"}],"replies":[{"embeddable":true,"href":"https:\/\/mindpet.ch\/en\/wp-json\/wp\/v2\/comments?post=101276"}],"version-history":[{"count":29,"href":"https:\/\/mindpet.ch\/en\/wp-json\/wp\/v2\/pages\/101276\/revisions"}],"predecessor-version":[{"id":102084,"href":"https:\/\/mindpet.ch\/en\/wp-json\/wp\/v2\/pages\/101276\/revisions\/102084"}],"wp:attachment":[{"href":"https:\/\/mindpet.ch\/en\/wp-json\/wp\/v2\/media?parent=101276"}],"curies":[{"name":"wp","href":"https:\/\/api.w.org\/{rel}","templated":true}]}}